{"id":8730,"date":"2022-06-09T09:03:49","date_gmt":"2022-06-09T06:03:49","guid":{"rendered":"https:\/\/fira.fi\/palvelut\/"},"modified":"2022-06-21T15:42:28","modified_gmt":"2022-06-21T12:42:28","slug":"services","status":"publish","type":"page","link":"https:\/\/fira.fi\/en\/services\/","title":{"rendered":"Services"},"content":{"rendered":"\n<section id=\"\" class=\"block block-hero container-fluid side-to-side   bg-default\" >\n    <div class=\"container\">\n        <div class=\"row\">\n            \n            <div class=\"col-12 col-lg-6  text-col order-lg-2\">\n                <main class=\"entry-content\">\n                                            <h1 class=\"hero-title size-xl\">Services<\/h1>\n                                                                <p>&nbsp;<\/p>\n<p><a class=\"button-link-highlighted\" href=\"#developers\">Property owners &amp; developers<\/a><br \/>\n<a class=\"button-link-highlighted\" href=\"#housing\">Housing cooperatives<\/a><\/p>\n                                    <\/main>\n            <\/div>\n\n            <div class=\"col-12 col-lg-6  bg-default media-col order-lg-1 left\">\n                <div class=\"image-holder \">\n                                                            <div class=\"image\" style=\"background-image: url('https:\/\/fira.fi\/wp-content\/uploads\/2022\/06\/Fira-palvelut.jpg')\"><\/div>\n                                    <\/div>\n                            <\/div>\n\n        <\/div>\n    <\/div>\n<\/section>\n\n\n\n<nav id=\"nav\" class=\"block block-navigation container-fluid minus-margin\">\n    <div class=\"container\">\n        <div class=\"row\">\n            <div class=\"col-12 nav-wrapper\">\n                                <div class=\"links-wrapper\">\n                    <a href=\"#developers\" class=\"navlink\" >Developers &amp; property owners<\/a><a href=\"#housing\" class=\"navlink\" >Housing cooperatives<\/a><a href=\"#groupbuilders\" class=\"navlink\" >Group builders<\/a>                <\/div>\n                \n                <div class=\"button-holder\">\n                                    <\/div>\n            <\/div>\n        <\/div>\n    <\/div>\n<\/nav>\n\n\n<section id=\"developers\" class=\"block block-content-wrapper container-fluid container-fluid bg-default\">\n    <div class=\"container\">\n        <div class=\"row\">\n            <div class=\"col-12\">\n                <main class=\"entry-content\">\n                    \n\n<h2 class=\"wp-block-heading\" id=\"palvelut\">Developers &amp; property owners<\/h2>\n\n\n\n<p><\/p>\n\n\n                <\/main>\n            <\/div>\n        <\/div>\n    <\/div>\n<\/section>\n\n\n\n<section id=\"\" class=\"block block-links border container-fluid bg-default \">\n    <div class=\"container\">\n\n                \n                    <div class=\"row links-row\">\n                                                        <div class=\"col-6 col-lg-3 link\">\n                        <div class=\"card card-link\">\n                            <a href=\"https:\/\/fira.fi\/en\/services\/construction\/residential-construction\/\">\n                                <div class=\"card-thumbnail\">\n                                    <img decoding=\"async\" src=\"https:\/\/fira.fi\/wp-content\/uploads\/2022\/05\/Fira-Asuntorakentaminen-768x768.jpg\" width=\"768\" height=\"768\" alt=\"fira asuntorakentaminen\" loading=\"lazy\">                                    <div class=\"hover-layer\">\n                                        Read more                                    <\/div>\n                                <\/div>\n                                <div class=\"card-title\">Residential construction<\/div>\n                            <\/a>\n                        <\/div>\n                    <\/div>\n                    \n                                                        <div class=\"col-6 col-lg-3 link\">\n                        <div class=\"card card-link\">\n                            <a href=\"https:\/\/fira.fi\/en\/services\/construction\/commercial-construction\/\">\n                                <div class=\"card-thumbnail\">\n                                    <img decoding=\"async\" src=\"https:\/\/fira.fi\/wp-content\/uploads\/2022\/06\/Fira-toimitilarakentaminen-960x960-3-768x768.jpg\" width=\"768\" height=\"768\" alt=\"\" loading=\"lazy\">                                    <div class=\"hover-layer\">\n                                        Read more                                    <\/div>\n                                <\/div>\n                                <div class=\"card-title\">Commercial construction<\/div>\n                            <\/a>\n                        <\/div>\n                    <\/div>\n                    \n                                                        <div class=\"col-6 col-lg-3 link\">\n                        <div class=\"card card-link\">\n                            <a href=\"https:\/\/fira.fi\/en\/services\/construction\/pipe-renovations\/\">\n                                <div class=\"card-thumbnail\">\n                                    <img decoding=\"async\" src=\"https:\/\/fira.fi\/wp-content\/uploads\/2022\/06\/Maria_Jotunintie_800x760-768x730.png\" width=\"768\" height=\"730\" alt=\"\" loading=\"lazy\">                                    <div class=\"hover-layer\">\n                                        Read more                                    <\/div>\n                                <\/div>\n                                <div class=\"card-title\">Pipe renovations<\/div>\n                            <\/a>\n                        <\/div>\n                    <\/div>\n                    \n                                                        <div class=\"col-6 col-lg-3 link\">\n                        <div class=\"card card-link\">\n                            <a href=\"https:\/\/fira.fi\/en\/services\/construction\/modernisation\/\">\n                                <div class=\"card-thumbnail\">\n                                    <img decoding=\"async\" src=\"https:\/\/fira.fi\/wp-content\/uploads\/2017\/03\/A-Grid-kampussaneeraus-768x432.jpg\" width=\"768\" height=\"432\" alt=\"A-Grid kampussaneeraus\" loading=\"lazy\">                                    <div class=\"hover-layer\">\n                                        Read more                                    <\/div>\n                                <\/div>\n                                <div class=\"card-title\">Modernisation<\/div>\n                            <\/a>\n                        <\/div>\n                    <\/div>\n                    \n                            <\/div>\n            <\/div>\n<\/section>\n\n\n\n<section id=\"\" class=\"block block-links border container-fluid bg-default \">\n    <div class=\"container\">\n\n                \n                    <div class=\"row links-row\">\n                                                        <div class=\"col-6 col-lg-3 link\">\n                        <div class=\"card card-link\">\n                            <a href=\"https:\/\/fira.fi\/en\/services\/construction\/project-development-as-a-service\/\">\n                                <div class=\"card-thumbnail\">\n                                    <img decoding=\"async\" src=\"https:\/\/fira.fi\/wp-content\/uploads\/2022\/05\/hankekehitys-1200x800-1-768x512.jpg\" width=\"768\" height=\"512\" alt=\"Hankekehitys\" loading=\"lazy\">                                    <div class=\"hover-layer\">\n                                        Read more                                    <\/div>\n                                <\/div>\n                                <div class=\"card-title\">Project development<\/div>\n                            <\/a>\n                        <\/div>\n                    <\/div>\n                    \n                            <\/div>\n            <\/div>\n<\/section>\n\n\n\n<section id=\"housing\" class=\"block block-content-wrapper container-fluid container-fluid bg-default\">\n    <div class=\"container\">\n        <div class=\"row\">\n            <div class=\"col-12\">\n                <main class=\"entry-content\">\n                    \n\n<h2 class=\"wp-block-heading\" id=\"palvelut\">For housing cooperatives<\/h2>\n\n\n\n<p id=\"taloyhtiot\"><\/p>\n\n\n                <\/main>\n            <\/div>\n        <\/div>\n    <\/div>\n<\/section>\n\n\n\n<section id=\"\" class=\"block block-links border container-fluid bg-default \">\n    <div class=\"container\">\n\n                \n                    <div class=\"row links-row\">\n                                                        <div class=\"col-6 col-lg-3 link\">\n                        <div class=\"card card-link\">\n                            <a href=\"https:\/\/fira.fi\/en\/services\/construction\/pipe-renovations\/\">\n                                <div class=\"card-thumbnail\">\n                                    <img decoding=\"async\" src=\"https:\/\/fira.fi\/wp-content\/uploads\/2022\/05\/Putkiremontit-kerrostaloyhtioille-768x768.png\" width=\"768\" height=\"768\" alt=\"Putkiremontit kerrostaloyhti\u00f6ille\" loading=\"lazy\">                                    <div class=\"hover-layer\">\n                                        Read more                                    <\/div>\n                                <\/div>\n                                <div class=\"card-title\">Pipe renovations<\/div>\n                            <\/a>\n                        <\/div>\n                    <\/div>\n                    \n                            <\/div>\n            <\/div>\n<\/section>\n\n\n\n<section id=\"groupbuilders\" class=\"block block-content-wrapper container-fluid container-fluid bg-default\">\n    <div class=\"container\">\n        <div class=\"row\">\n            <div class=\"col-12\">\n                <main class=\"entry-content\">\n                    \n\n<h2 class=\"wp-block-heading\" id=\"palvelut\">For Group builders<\/h2>\n\n\n\n<p><\/p>\n\n\n                <\/main>\n            <\/div>\n        <\/div>\n    <\/div>\n<\/section>\n\n\n\n<section id=\"\" class=\"block block-links border container-fluid bg-default \">\n    <div class=\"container\">\n\n                \n                    <div class=\"row links-row\">\n                                                        <div class=\"col-6 col-lg-3 link\">\n                        <div class=\"card card-link\">\n                            <a href=\"https:\/\/fira.fi\/en\/services\/group-building\/\">\n                                <div class=\"card-thumbnail\">\n                                    <img decoding=\"async\" src=\"https:\/\/fira.fi\/wp-content\/uploads\/2022\/06\/Ryhmarakentaminen-768x768.jpg\" width=\"768\" height=\"768\" alt=\"Ryhm\u00e4rakentaminen\" loading=\"lazy\">                                    <div class=\"hover-layer\">\n                                        Read more                                    <\/div>\n                                <\/div>\n                                <div class=\"card-title\">Group building<\/div>\n                            <\/a>\n                        <\/div>\n                    <\/div>\n                    \n                            <\/div>\n            <\/div>\n<\/section>\n\n\n\n<section id=\"\" class=\"block block-banner container-fluid graph-white bg-lilac\">\n    <div class=\"container\">\n        <div class=\"row\">\n            <div class=\"col-12 col-lg-10 offset-lg-1\">\n                <main class=\"entry-content\">\n                    \n\n<h2 class=\"has-text-align-center wp-block-heading\">Contact us for more information<\/h2>\n\n\n\n<p class=\"has-text-align-center\"><\/p>\n\n\n\n<div class=\"wp-block-button aligncenter is-style-arrow\"><a class=\"wp-block-button__link\" href=\"https:\/\/fira.fi\/en\/contact-details\/\">Contact us<\/a><\/div>\n\n\n                <\/main>\n            <\/div>\n        <\/div>\n    <\/div>\n<\/section>\n","protected":false},"excerpt":{"rendered":"","protected":false},"author":2,"featured_media":0,"parent":0,"menu_order":0,"comment_status":"closed","ping_status":"closed","template":"","meta":{"_acf_changed":false,"content-type":"","_relevanssi_hide_post":"","_relevanssi_hide_content":"","_relevanssi_pin_for_all":"","_relevanssi_pin_keywords":"","_relevanssi_unpin_keywords":"","_relevanssi_related_keywords":"","_relevanssi_related_include_ids":"","_relevanssi_related_exclude_ids":"","_relevanssi_related_no_append":"","_relevanssi_related_not_related":"","_relevanssi_related_posts":"2415,2162,3464,3857,2779,3905","_relevanssi_noindex_reason":"","footnotes":""},"class_list":["post-8730","page","type-page","status-publish","hentry"],"acf":[],"yoast_head":"<!-- This site is optimized with the Yoast SEO plugin v27.3 - https:\/\/yoast.com\/product\/yoast-seo-wordpress\/ -->\n<title>Services<\/title>\n<meta name=\"description\" content=\"Palvelut rakentamiseen ja hankekehitykseen. Haluamme olle asiakkaiden arvostama edell\u00e4k\u00e4vij\u00e4 rakentamisen kaikissa kategorioissa.\" \/>\n<meta name=\"robots\" content=\"index, follow, max-snippet:-1, max-image-preview:large, max-video-preview:-1\" \/>\n<link rel=\"canonical\" href=\"https:\/\/fira.fi\/en\/services\/\" \/>\n<meta property=\"og:locale\" content=\"en_US\" \/>\n<meta property=\"og:type\" content=\"article\" \/>\n<meta property=\"og:title\" content=\"Services\" \/>\n<meta property=\"og:description\" content=\"Palvelut rakentamiseen ja hankekehitykseen. Haluamme olle asiakkaiden arvostama edell\u00e4k\u00e4vij\u00e4 rakentamisen kaikissa kategorioissa.\" \/>\n<meta property=\"og:url\" content=\"https:\/\/fira.fi\/en\/services\/\" \/>\n<meta property=\"og:site_name\" content=\"Fira\" \/>\n<meta property=\"article:modified_time\" content=\"2022-06-21T12:42:28+00:00\" \/>\n<meta name=\"twitter:card\" content=\"summary_large_image\" \/>\n<meta name=\"twitter:label1\" content=\"Est. reading time\" \/>\n\t<meta name=\"twitter:data1\" content=\"1 minute\" \/>\n<script type=\"application\/ld+json\" class=\"yoast-schema-graph\">{\"@context\":\"https:\\\/\\\/schema.org\",\"@graph\":[{\"@type\":\"WebPage\",\"@id\":\"https:\\\/\\\/fira.fi\\\/en\\\/services\\\/\",\"url\":\"https:\\\/\\\/fira.fi\\\/en\\\/services\\\/\",\"name\":\"Services\",\"isPartOf\":{\"@id\":\"https:\\\/\\\/fira.fi\\\/en\\\/#website\"},\"datePublished\":\"2022-06-09T06:03:49+00:00\",\"dateModified\":\"2022-06-21T12:42:28+00:00\",\"description\":\"Palvelut rakentamiseen ja hankekehitykseen. Haluamme olle asiakkaiden arvostama edell\u00e4k\u00e4vij\u00e4 rakentamisen kaikissa kategorioissa.\",\"breadcrumb\":{\"@id\":\"https:\\\/\\\/fira.fi\\\/en\\\/services\\\/#breadcrumb\"},\"inLanguage\":\"en-US\",\"potentialAction\":[{\"@type\":\"ReadAction\",\"target\":[\"https:\\\/\\\/fira.fi\\\/en\\\/services\\\/\"]}]},{\"@type\":\"BreadcrumbList\",\"@id\":\"https:\\\/\\\/fira.fi\\\/en\\\/services\\\/#breadcrumb\",\"itemListElement\":[{\"@type\":\"ListItem\",\"position\":1,\"name\":\"Home\",\"item\":\"https:\\\/\\\/fira.fi\\\/en\\\/\"},{\"@type\":\"ListItem\",\"position\":2,\"name\":\"Services\"}]},{\"@type\":\"WebSite\",\"@id\":\"https:\\\/\\\/fira.fi\\\/en\\\/#website\",\"url\":\"https:\\\/\\\/fira.fi\\\/en\\\/\",\"name\":\"Fira\",\"description\":\"\",\"publisher\":{\"@id\":\"https:\\\/\\\/fira.fi\\\/en\\\/#organization\"},\"potentialAction\":[{\"@type\":\"SearchAction\",\"target\":{\"@type\":\"EntryPoint\",\"urlTemplate\":\"https:\\\/\\\/fira.fi\\\/en\\\/?s={search_term_string}\"},\"query-input\":{\"@type\":\"PropertyValueSpecification\",\"valueRequired\":true,\"valueName\":\"search_term_string\"}}],\"inLanguage\":\"en-US\"},{\"@type\":\"Organization\",\"@id\":\"https:\\\/\\\/fira.fi\\\/en\\\/#organization\",\"name\":\"Fira Oy\",\"url\":\"https:\\\/\\\/fira.fi\\\/en\\\/\",\"logo\":{\"@type\":\"ImageObject\",\"inLanguage\":\"en-US\",\"@id\":\"https:\\\/\\\/fira.fi\\\/en\\\/#\\\/schema\\\/logo\\\/image\\\/\",\"url\":\"https:\\\/\\\/fira.fi\\\/wp-content\\\/uploads\\\/2022\\\/06\\\/fira.svg\",\"contentUrl\":\"https:\\\/\\\/fira.fi\\\/wp-content\\\/uploads\\\/2022\\\/06\\\/fira.svg\",\"width\":68,\"height\":24,\"caption\":\"Fira Oy\"},\"image\":{\"@id\":\"https:\\\/\\\/fira.fi\\\/en\\\/#\\\/schema\\\/logo\\\/image\\\/\"}}]}<\/script>\n<!-- \/ Yoast SEO plugin. -->","yoast_head_json":{"title":"Services","description":"Palvelut rakentamiseen ja hankekehitykseen. Haluamme olle asiakkaiden arvostama edell\u00e4k\u00e4vij\u00e4 rakentamisen kaikissa kategorioissa.","robots":{"index":"index","follow":"follow","max-snippet":"max-snippet:-1","max-image-preview":"max-image-preview:large","max-video-preview":"max-video-preview:-1"},"canonical":"https:\/\/fira.fi\/en\/services\/","og_locale":"en_US","og_type":"article","og_title":"Services","og_description":"Palvelut rakentamiseen ja hankekehitykseen. Haluamme olle asiakkaiden arvostama edell\u00e4k\u00e4vij\u00e4 rakentamisen kaikissa kategorioissa.","og_url":"https:\/\/fira.fi\/en\/services\/","og_site_name":"Fira","article_modified_time":"2022-06-21T12:42:28+00:00","twitter_card":"summary_large_image","twitter_misc":{"Est. reading time":"1 minute"},"schema":{"@context":"https:\/\/schema.org","@graph":[{"@type":"WebPage","@id":"https:\/\/fira.fi\/en\/services\/","url":"https:\/\/fira.fi\/en\/services\/","name":"Services","isPartOf":{"@id":"https:\/\/fira.fi\/en\/#website"},"datePublished":"2022-06-09T06:03:49+00:00","dateModified":"2022-06-21T12:42:28+00:00","description":"Palvelut rakentamiseen ja hankekehitykseen. Haluamme olle asiakkaiden arvostama edell\u00e4k\u00e4vij\u00e4 rakentamisen kaikissa kategorioissa.","breadcrumb":{"@id":"https:\/\/fira.fi\/en\/services\/#breadcrumb"},"inLanguage":"en-US","potentialAction":[{"@type":"ReadAction","target":["https:\/\/fira.fi\/en\/services\/"]}]},{"@type":"BreadcrumbList","@id":"https:\/\/fira.fi\/en\/services\/#breadcrumb","itemListElement":[{"@type":"ListItem","position":1,"name":"Home","item":"https:\/\/fira.fi\/en\/"},{"@type":"ListItem","position":2,"name":"Services"}]},{"@type":"WebSite","@id":"https:\/\/fira.fi\/en\/#website","url":"https:\/\/fira.fi\/en\/","name":"Fira","description":"","publisher":{"@id":"https:\/\/fira.fi\/en\/#organization"},"potentialAction":[{"@type":"SearchAction","target":{"@type":"EntryPoint","urlTemplate":"https:\/\/fira.fi\/en\/?s={search_term_string}"},"query-input":{"@type":"PropertyValueSpecification","valueRequired":true,"valueName":"search_term_string"}}],"inLanguage":"en-US"},{"@type":"Organization","@id":"https:\/\/fira.fi\/en\/#organization","name":"Fira Oy","url":"https:\/\/fira.fi\/en\/","logo":{"@type":"ImageObject","inLanguage":"en-US","@id":"https:\/\/fira.fi\/en\/#\/schema\/logo\/image\/","url":"https:\/\/fira.fi\/wp-content\/uploads\/2022\/06\/fira.svg","contentUrl":"https:\/\/fira.fi\/wp-content\/uploads\/2022\/06\/fira.svg","width":68,"height":24,"caption":"Fira Oy"},"image":{"@id":"https:\/\/fira.fi\/en\/#\/schema\/logo\/image\/"}}]}},"_links":{"self":[{"href":"https:\/\/fira.fi\/en\/wp-json\/wp\/v2\/pages\/8730","targetHints":{"allow":["GET"]}}],"collection":[{"href":"https:\/\/fira.fi\/en\/wp-json\/wp\/v2\/pages"}],"about":[{"href":"https:\/\/fira.fi\/en\/wp-json\/wp\/v2\/types\/page"}],"author":[{"embeddable":true,"href":"https:\/\/fira.fi\/en\/wp-json\/wp\/v2\/users\/2"}],"replies":[{"embeddable":true,"href":"https:\/\/fira.fi\/en\/wp-json\/wp\/v2\/comments?post=8730"}],"version-history":[{"count":9,"href":"https:\/\/fira.fi\/en\/wp-json\/wp\/v2\/pages\/8730\/revisions"}],"predecessor-version":[{"id":9334,"href":"https:\/\/fira.fi\/en\/wp-json\/wp\/v2\/pages\/8730\/revisions\/9334"}],"wp:attachment":[{"href":"https:\/\/fira.fi\/en\/wp-json\/wp\/v2\/media?parent=8730"}],"curies":[{"name":"wp","href":"https:\/\/api.w.org\/{rel}","templated":true}]}}